{"id":351,"date":"2020-10-05T18:35:11","date_gmt":"2020-10-05T18:35:11","guid":{"rendered":"https:\/\/provtrustinsurance.com\/?page_id=351"},"modified":"2020-10-15T22:57:28","modified_gmt":"2020-10-15T22:57:28","slug":"business","status":"publish","type":"page","link":"https:\/\/provtrustinsurance.com\/es\/business\/","title":{"rendered":"Business"},"content":{"rendered":"<div data-elementor-type=\"wp-page\" data-elementor-id=\"351\" class=\"elementor elementor-351\" data-elementor-settings=\"[]\">\n\t\t\t\t\t\t<div class=\"elementor-inner\">\n\t\t\t\t\t\t\t<div class=\"elementor-section-wrap\">\n\t\t\t\t\t\t\t<section class=\"elementor-section elementor-top-section elementor-element elementor-element-0d9f9d2 elementor-section-boxed elementor-section-height-default elementor-section-height-default\" data-id=\"0d9f9d2\" data-element_type=\"section\" data-no-translation=\"\">\n\t\t\t\t\t\t<div class=\"elementor-container elementor-column-gap-default\">\n\t\t\t\t\t\t\t<div class=\"elementor-row\">\n\t\t\t\t\t<div class=\"elementor-column elementor-col-100 elementor-top-column elementor-element elementor-element-091280b\" data-id=\"091280b\" data-element_type=\"column\">\n\t\t\t<div class=\"elementor-column-wrap elementor-element-populated\">\n\t\t\t\t\t\t\t<div class=\"elementor-widget-wrap\">\n\t\t\t\t\t\t<div class=\"elementor-element elementor-element-6c4f5bf elementor-widget elementor-widget-text-editor\" data-id=\"6c4f5bf\" data-element_type=\"widget\" data-widget_type=\"text-editor.default\">\n\t\t\t\t<div class=\"elementor-widget-container\">\n\t\t\t\t\t\t\t\t<div class=\"elementor-text-editor elementor-clearfix\">\n\t\t\t\t<p><!-- wp:paragraph --><\/p>\n<h1><span class=\"tlid-translation translation\" lang=\"es\"><span class=\"\" title=\"\">Negocio<\/span><\/span><\/h1>\n<p>\u00bfQu\u00e9 es un seguro comercial?<\/p>\n<p>Hay muchos factores a considerar al tomar las medidas necesarias para asegurar su negocio.<br \/>Ser propietario de una empresa conlleva un gran riesgo, por lo que existe un seguro comercial.<br \/>Puede optar por una variedad de p\u00f3lizas generales y espec\u00edficas para brindarle toda la cobertura que necesite en \u00e1reas como responsabilidad, empleo y costos de da\u00f1os, seg\u00fan lo que haga su empresa.<\/p>\n<p>\u00bfPor qu\u00e9 es importante?<\/p>\n<p>Como propietario de un negocio, usted asume riesgos, realiza inversiones y emplea a otros para que trabajen para usted y ayuden a su empresa a crecer. Estos pasos son emocionantes, pero pueden prepararlo para una p\u00e9rdida importante cuando ocurren accidentes. Es importante protegerse a s\u00ed mismo, a sus finanzas y a sus empleados en caso de que algo salga mal.<br \/>Provtrust Insurance Group ofrece los siguientes tipos de seguro personal<\/p>\n<p>Proteccion:<\/p>\n<p>* Seguro de concesionario de autom\u00f3viles<br \/>* Seguro de contratistas<br \/>* Seguro de garaje<br \/>* Seguro de restaurante<br \/>*Propiedad comercial<br \/>Y mucho m\u00e1s\u2026.<\/p>\n<p>\u00a0<\/p>\n<div>\u00a0<\/div>\t\t\t\t\t<\/div>\n\t\t\t\t\t\t<\/div>\n\t\t\t\t<\/div>\n\t\t\t\t\t\t<\/div>\n\t\t\t\t\t<\/div>\n\t\t<\/div>\n\t\t\t\t\t\t\t\t<\/div>\n\t\t\t\t\t<\/div>\n\t\t<\/section>\n\t\t\t\t\t\t<\/div>\n\t\t\t\t\t\t<\/div>\n\t\t\t\t\t<\/div>","protected":false},"excerpt":{"rendered":"<p>Business What is Business Insurance ? There are many factors to consider when taking the steps to insure your business.Owning a business comes with a lot of risk, which is why business insurance exists.You can opt for a variety of general and specific policies to give you as much coverage as you need in areas &hellip;<\/p>\n<p class=\"read-more\"> <a class=\"\" href=\"https:\/\/provtrustinsurance.com\/es\/business\/\"> <span class=\"screen-reader-text\">Business<\/span> Leer m\u00e1s &raquo;<\/a><\/p>","protected":false},"author":1,"featured_media":0,"parent":0,"menu_order":0,"comment_status":"closed","ping_status":"closed","template":"","meta":[],"_links":{"self":[{"href":"https:\/\/provtrustinsurance.com\/es\/wp-json\/wp\/v2\/pages\/351"}],"collection":[{"href":"https:\/\/provtrustinsurance.com\/es\/wp-json\/wp\/v2\/pages"}],"about":[{"href":"https:\/\/provtrustinsurance.com\/es\/wp-json\/wp\/v2\/types\/page"}],"author":[{"embeddable":true,"href":"https:\/\/provtrustinsurance.com\/es\/wp-json\/wp\/v2\/users\/1"}],"replies":[{"embeddable":true,"href":"https:\/\/provtrustinsurance.com\/es\/wp-json\/wp\/v2\/comments?post=351"}],"version-history":[{"count":16,"href":"https:\/\/provtrustinsurance.com\/es\/wp-json\/wp\/v2\/pages\/351\/revisions"}],"predecessor-version":[{"id":643,"href":"https:\/\/provtrustinsurance.com\/es\/wp-json\/wp\/v2\/pages\/351\/revisions\/643"}],"wp:attachment":[{"href":"https:\/\/provtrustinsurance.com\/es\/wp-json\/wp\/v2\/media?parent=351"}],"curies":[{"name":"wp","href":"https:\/\/api.w.org\/{rel}","templated":true}]}}