{"id":382,"date":"2020-10-05T20:03:28","date_gmt":"2020-10-05T20:03:28","guid":{"rendered":"https:\/\/provtrustinsurance.com\/?page_id=382"},"modified":"2020-10-15T22:58:27","modified_gmt":"2020-10-15T22:58:27","slug":"about-us","status":"publish","type":"page","link":"https:\/\/provtrustinsurance.com\/es\/about-us\/","title":{"rendered":"about us"},"content":{"rendered":"<div data-elementor-type=\"wp-page\" data-elementor-id=\"382\" class=\"elementor elementor-382\" data-elementor-settings=\"[]\">\n\t\t\t\t\t\t<div class=\"elementor-inner\">\n\t\t\t\t\t\t\t<div class=\"elementor-section-wrap\">\n\t\t\t\t\t\t\t<section class=\"elementor-section elementor-top-section elementor-element elementor-element-063b37c elementor-section-boxed elementor-section-height-default elementor-section-height-default\" data-id=\"063b37c\" data-element_type=\"section\" data-no-translation=\"\">\n\t\t\t\t\t\t<div class=\"elementor-container elementor-column-gap-default\">\n\t\t\t\t\t\t\t<div class=\"elementor-row\">\n\t\t\t\t\t<div class=\"elementor-column elementor-col-100 elementor-top-column elementor-element elementor-element-d2115be\" data-id=\"d2115be\" data-element_type=\"column\">\n\t\t\t<div class=\"elementor-column-wrap elementor-element-populated\">\n\t\t\t\t\t\t\t<div class=\"elementor-widget-wrap\">\n\t\t\t\t\t\t<div class=\"elementor-element elementor-element-e62aff0 elementor-widget elementor-widget-text-editor\" data-id=\"e62aff0\" data-element_type=\"widget\" data-widget_type=\"text-editor.default\">\n\t\t\t\t<div class=\"elementor-widget-container\">\n\t\t\t\t\t\t\t\t<div class=\"elementor-text-editor elementor-clearfix\">\n\t\t\t\t<p><!-- wp:paragraph --><\/p>\n<h1>Sobre Nosotros<\/h1>\n<p>ProvTrust Insurance Agency es una agencia innovadora que se dedica a ofrecer un servicio de centro de cliente confiable, confiable y eficiente, basado en la m\u00e1xima integridad.<\/p>\n<p>Nos apasiona desarrollar estrategias basadas en soluciones de manera oportuna para nuestros clientes y socios. Contamos con una amplia rama de compa\u00f1\u00edas de seguros para asegurarnos de que nuestros clientes obtengan la p\u00f3liza y la prima adecuadas. Cuando necesite asegurar todas las ramas de la vida, cuente con un servicio superior en el que pueda confiar.<\/p>\n<p>\u00a0<\/p>\n<div>\u00a0<\/div>\t\t\t\t\t<\/div>\n\t\t\t\t\t\t<\/div>\n\t\t\t\t<\/div>\n\t\t\t\t\t\t<\/div>\n\t\t\t\t\t<\/div>\n\t\t<\/div>\n\t\t\t\t\t\t\t\t<\/div>\n\t\t\t\t\t<\/div>\n\t\t<\/section>\n\t\t\t\t<section class=\"elementor-section elementor-top-section elementor-element elementor-element-ce524ac elementor-section-boxed elementor-section-height-default elementor-section-height-default\" data-id=\"ce524ac\" data-element_type=\"section\" data-settings=\"{&quot;background_background&quot;:&quot;classic&quot;}\" data-no-translation=\"\">\n\t\t\t\t\t\t\t<div class=\"elementor-background-overlay\"><\/div>\n\t\t\t\t\t\t\t<div class=\"elementor-container elementor-column-gap-default\">\n\t\t\t\t\t\t\t<div class=\"elementor-row\">\n\t\t\t\t\t<div class=\"elementor-column elementor-col-100 elementor-top-column elementor-element elementor-element-0446ac9\" data-id=\"0446ac9\" data-element_type=\"column\">\n\t\t\t<div class=\"elementor-column-wrap elementor-element-populated\">\n\t\t\t\t\t\t\t<div class=\"elementor-widget-wrap\">\n\t\t\t\t\t\t<div class=\"elementor-element elementor-element-9099a00 elementor-widget elementor-widget-text-editor\" data-id=\"9099a00\" data-element_type=\"widget\" data-widget_type=\"text-editor.default\">\n\t\t\t\t<div class=\"elementor-widget-container\">\n\t\t\t\t\t\t\t\t<div class=\"elementor-text-editor elementor-clearfix\">\n\t\t\t\t<p><span class=\"tlid-translation translation\" lang=\"es\"><span class=\"\" title=\"\">Rese\u00f1as<\/span><\/span><\/p>\n<p>\u00a0<\/p>\n<div>\u00a0<\/div>\t\t\t\t\t<\/div>\n\t\t\t\t\t\t<\/div>\n\t\t\t\t<\/div>\n\t\t\t\t<div class=\"elementor-element elementor-element-b621ef0 elementor-arrows-yes elementor-pagination-type-bullets elementor-review--has-separator elementor--star-style-star_fontawesome elementor-widget elementor-widget-reviews\" data-id=\"b621ef0\" data-element_type=\"widget\" data-settings=\"{&quot;slides_per_view&quot;:&quot;3&quot;,&quot;slides_to_scroll&quot;:&quot;3&quot;,&quot;slides_per_view_tablet&quot;:&quot;3&quot;,&quot;show_arrows&quot;:&quot;yes&quot;,&quot;pagination&quot;:&quot;bullets&quot;,&quot;speed&quot;:500,&quot;autoplay&quot;:&quot;yes&quot;,&quot;autoplay_speed&quot;:5000,&quot;loop&quot;:&quot;yes&quot;,&quot;pause_on_hover&quot;:&quot;yes&quot;,&quot;pause_on_interaction&quot;:&quot;yes&quot;,&quot;space_between&quot;:{&quot;unit&quot;:&quot;px&quot;,&quot;size&quot;:10,&quot;sizes&quot;:[]},&quot;space_between_tablet&quot;:{&quot;unit&quot;:&quot;px&quot;,&quot;size&quot;:10,&quot;sizes&quot;:[]},&quot;space_between_mobile&quot;:{&quot;unit&quot;:&quot;px&quot;,&quot;size&quot;:10,&quot;sizes&quot;:[]}}\" data-widget_type=\"reviews.default\">\n\t\t\t\t<div class=\"elementor-widget-container\">\n\t\t\t\t\t<div class=\"elementor-swiper\">\n\t\t\t<div class=\"elementor-main-swiper swiper-container\">\n\t\t\t\t<div class=\"swiper-wrapper\">\n\t\t\t\t\t\t\t\t\t\t\t<div class=\"swiper-slide\">\n\t\t\t\t\t\t\t\t\t<div class=\"elementor-testimonial elementor-repeater-item-60b8782\">\n\t\t\t\t\t\t\t<a class=\"elementor-testimonial__header\" href=\"https:\/\/www.google.com\/search?sxsrf=ALeKk00nTzOZF8KcnaY1YEAtUVkQWxNSEA%3A1602365591467&#038;source=hp&#038;ei=lyiCX9vmGdXAytMPkv62oAQ&#038;q=prov+trust+insurance&#038;oq=provtrustinsurance&#038;gs_lcp=CgZwc3ktYWIQARgAMgQIABATMgIIJlC3RVi3RWDeWGgAcAB4AIABugGIAboBkgEDMC4xmAEAoAECoAEBqgEHZ3dzLXdpeg&#038;sclient=psy-ab#lrd=0x89e44f81a99b5257:0x24f1c08fe759667e,1,,,\">\n\t\t\t\t\t\t\t\t\t\t\t<div class=\"elementor-testimonial__image\">\n\t\t\t\t\t\t\t<img src=\"https:\/\/provtrustinsurance.com\/wp-content\/uploads\/2020\/10\/Screen-Shot-2020-10-10-at-5.35.06-PM.png\" alt=\"Elizabeth Pimentel\">\n\t\t\t\t\t\t<\/div>\n\t\t\t\t\t\t\t\t\t\t<cite class=\"elementor-testimonial__cite\"><span class=\"elementor-testimonial__name\">Elizabeth Pimentel<\/span><div class=\"elementor-star-rating\"><i class=\"elementor-star-full\">&#xE934;<\/i><i class=\"elementor-star-full\">&#xE934;<\/i><i class=\"elementor-star-full\">&#xE934;<\/i><i class=\"elementor-star-full\">&#xE934;<\/i><i class=\"elementor-star-full\">&#xE934;<\/i><\/div><\/cite>\t\t\t\t\t<div class=\"elementor-testimonial__icon elementor-icon elementor-icon-google-plus\"><i aria-hidden=\"true\" class=\"fab fa-google-plus\"><\/i><span class=\"elementor-screen-only\">Read More<\/span><\/div>\t\t\t\t<\/a>\n\t\t\t\t\t\t\t\t\t\t<div class=\"elementor-testimonial__content\">\n\t\t\t\t\t<div class=\"elementor-testimonial__text\">\n\t\t\t\t\t\tThe best insurance agency, Yudi is always working to get you the best policy that meets your needs, explain every coverage in details and provide you with great advice. Very professional, I'm very happy I went to her for my first home insurance policy.\t\t\t\t\t<\/div>\n\t\t\t\t<\/div>\n\t\t\t\t\t<\/div>\n\t\t\t\t\t\t\t\t<\/div>\n\t\t\t\t\t\t\t\t\t\t\t<div class=\"swiper-slide\">\n\t\t\t\t\t\t\t\t\t<div class=\"elementor-testimonial elementor-repeater-item-8b3f7d0\">\n\t\t\t\t\t\t\t<a class=\"elementor-testimonial__header\" href=\"https:\/\/www.google.com\/search?sxsrf=ALeKk00nTzOZF8KcnaY1YEAtUVkQWxNSEA%3A1602365591467&#038;source=hp&#038;ei=lyiCX9vmGdXAytMPkv62oAQ&#038;q=prov+trust+insurance&#038;oq=provtrustinsurance&#038;gs_lcp=CgZwc3ktYWIQARgAMgQIABATMgIIJlC3RVi3RWDeWGgAcAB4AIABugGIAboBkgEDMC4xmAEAoAECoAEBqgEHZ3dzLXdpeg&#038;sclient=psy-ab#lrd=0x89e44f81a99b5257:0x24f1c08fe759667e,1,,,\">\n\t\t\t\t\t\t\t\t\t\t\t<div class=\"elementor-testimonial__image\">\n\t\t\t\t\t\t\t<img src=\"https:\/\/provtrustinsurance.com\/wp-content\/uploads\/2020\/10\/Screen-Shot-2020-10-10-at-5.38.35-PM.png\" alt=\"Mdc signs printing LLC\">\n\t\t\t\t\t\t<\/div>\n\t\t\t\t\t\t\t\t\t\t<cite class=\"elementor-testimonial__cite\"><span class=\"elementor-testimonial__name\">Mdc signs printing LLC<\/span><div class=\"elementor-star-rating\"><i class=\"elementor-star-full\">&#xE934;<\/i><i class=\"elementor-star-full\">&#xE934;<\/i><i class=\"elementor-star-full\">&#xE934;<\/i><i class=\"elementor-star-full\">&#xE934;<\/i><i class=\"elementor-star-full\">&#xE934;<\/i><\/div><\/cite>\t\t\t\t\t<div class=\"elementor-testimonial__icon elementor-icon elementor-icon-google-plus\"><i aria-hidden=\"true\" class=\"fab fa-google-plus\"><\/i><span class=\"elementor-screen-only\">Read More<\/span><\/div>\t\t\t\t<\/a>\n\t\t\t\t\t\t\t\t\t\t<div class=\"elementor-testimonial__content\">\n\t\t\t\t\t<div class=\"elementor-testimonial__text\">\n\t\t\t\t\t\tExcelente servicios,  llevo varios meses trabajando y estoy muy agradecido.\t\t\t\t\t<\/div>\n\t\t\t\t<\/div>\n\t\t\t\t\t<\/div>\n\t\t\t\t\t\t\t\t<\/div>\n\t\t\t\t\t\t\t\t\t\t\t<div class=\"swiper-slide\">\n\t\t\t\t\t\t\t\t\t<div class=\"elementor-testimonial elementor-repeater-item-92d64d6\">\n\t\t\t\t\t\t\t<a class=\"elementor-testimonial__header\" href=\"https:\/\/www.google.com\/search?sxsrf=ALeKk00nTzOZF8KcnaY1YEAtUVkQWxNSEA%3A1602365591467&#038;source=hp&#038;ei=lyiCX9vmGdXAytMPkv62oAQ&#038;q=prov+trust+insurance&#038;oq=provtrustinsurance&#038;gs_lcp=CgZwc3ktYWIQARgAMgQIABATMgIIJlC3RVi3RWDeWGgAcAB4AIABugGIAboBkgEDMC4xmAEAoAECoAEBqgEHZ3dzLXdpeg&#038;sclient=psy-ab#lrd=0x89e44f81a99b5257:0x24f1c08fe759667e,1,,,\">\n\t\t\t\t\t\t\t\t\t\t\t<div class=\"elementor-testimonial__image\">\n\t\t\t\t\t\t\t<img src=\"https:\/\/provtrustinsurance.com\/wp-content\/uploads\/2020\/10\/Screen-Shot-2020-10-10-at-5.44.50-PM.png\" alt=\"Brian Betances\">\n\t\t\t\t\t\t<\/div>\n\t\t\t\t\t\t\t\t\t\t<cite class=\"elementor-testimonial__cite\"><span class=\"elementor-testimonial__name\">Brian Betances<\/span><div class=\"elementor-star-rating\"><i class=\"elementor-star-full\">&#xE934;<\/i><i class=\"elementor-star-full\">&#xE934;<\/i><i class=\"elementor-star-full\">&#xE934;<\/i><i class=\"elementor-star-full\">&#xE934;<\/i><i class=\"elementor-star-full\">&#xE934;<\/i><\/div><\/cite>\t\t\t\t\t<div class=\"elementor-testimonial__icon elementor-icon elementor-icon-google-plus\"><i aria-hidden=\"true\" class=\"fab fa-google-plus\"><\/i><span class=\"elementor-screen-only\">Read More<\/span><\/div>\t\t\t\t<\/a>\n\t\t\t\t\t\t\t\t\t\t<div class=\"elementor-testimonial__content\">\n\t\t\t\t\t<div class=\"elementor-testimonial__text\">\n\t\t\t\t\t\tIf you want an agent to take the time to find the best policy for you then I strongly reccomend ProvTrust Insurance. Judy was friendly, professional and most importantly genuine. She found me a great policy at a great price for my business. Thank You!\t\t\t\t\t<\/div>\n\t\t\t\t<\/div>\n\t\t\t\t\t<\/div>\n\t\t\t\t\t\t\t\t<\/div>\n\t\t\t\t\t\t\t\t\t\t\t<div class=\"swiper-slide\">\n\t\t\t\t\t\t\t\t\t<div class=\"elementor-testimonial elementor-repeater-item-3f2f4ce\">\n\t\t\t\t\t\t\t<a class=\"elementor-testimonial__header\" href=\"https:\/\/www.google.com\/search?sxsrf=ALeKk00nTzOZF8KcnaY1YEAtUVkQWxNSEA%3A1602365591467&#038;source=hp&#038;ei=lyiCX9vmGdXAytMPkv62oAQ&#038;q=prov+trust+insurance&#038;oq=provtrustinsurance&#038;gs_lcp=CgZwc3ktYWIQARgAMgQIABATMgIIJlC3RVi3RWDeWGgAcAB4AIABugGIAboBkgEDMC4xmAEAoAECoAEBqgEHZ3dzLXdpeg&#038;sclient=psy-ab#lrd=0x89e44f81a99b5257:0x24f1c08fe759667e,1,,,\">\n\t\t\t\t\t\t\t\t\t\t\t<div class=\"elementor-testimonial__image\">\n\t\t\t\t\t\t\t<img src=\"https:\/\/provtrustinsurance.com\/wp-content\/uploads\/2020\/10\/Screen-Shot-2020-10-10-at-5.41.09-PM.png\" alt=\"Rafael Mendez\">\n\t\t\t\t\t\t<\/div>\n\t\t\t\t\t\t\t\t\t\t<cite class=\"elementor-testimonial__cite\"><span class=\"elementor-testimonial__name\">Rafael Mendez<\/span><div class=\"elementor-star-rating\"><i class=\"elementor-star-full\">&#xE934;<\/i><i class=\"elementor-star-full\">&#xE934;<\/i><i class=\"elementor-star-full\">&#xE934;<\/i><i class=\"elementor-star-full\">&#xE934;<\/i><i class=\"elementor-star-full\">&#xE934;<\/i><\/div><\/cite>\t\t\t\t\t<div class=\"elementor-testimonial__icon elementor-icon elementor-icon-google-plus\"><i aria-hidden=\"true\" class=\"fab fa-google-plus\"><\/i><span class=\"elementor-screen-only\">Read More<\/span><\/div>\t\t\t\t<\/a>\n\t\t\t\t\t\t\t\t\t\t<div class=\"elementor-testimonial__content\">\n\t\t\t\t\t<div class=\"elementor-testimonial__text\">\n\t\t\t\t\t\tCalidad, Capacidad de respuesta, Precio, Profesionalismo\t\t\t\t\t<\/div>\n\t\t\t\t<\/div>\n\t\t\t\t\t<\/div>\n\t\t\t\t\t\t\t\t<\/div>\n\t\t\t\t\t\t\t\t\t<\/div>\n\t\t\t\t\t\t\t\t\t\t\t\t\t\t\t<div class=\"swiper-pagination\"><\/div>\n\t\t\t\t\t\t\t\t\t\t\t\t\t\t\t\t<div class=\"elementor-swiper-button elementor-swiper-button-prev\">\n\t\t\t\t\t\t\t<i aria-hidden=\"true\" class=\"eicon-chevron-left\"><\/i>\t\t\t\t\t\t\t<span class=\"elementor-screen-only\">Previous<\/span>\n\t\t\t\t\t\t<\/div>\n\t\t\t\t\t\t<div class=\"elementor-swiper-button elementor-swiper-button-next\">\n\t\t\t\t\t\t\t<i aria-hidden=\"true\" class=\"eicon-chevron-right\"><\/i>\t\t\t\t\t\t\t<span class=\"elementor-screen-only\">Next<\/span>\n\t\t\t\t\t\t<\/div>\n\t\t\t\t\t\t\t\t\t\t\t\t<\/div>\n\t\t<\/div>\n\t\t\t\t<\/div>\n\t\t\t\t<\/div>\n\t\t\t\t\t\t<\/div>\n\t\t\t\t\t<\/div>\n\t\t<\/div>\n\t\t\t\t\t\t\t\t<\/div>\n\t\t\t\t\t<\/div>\n\t\t<\/section>\n\t\t\t\t<section class=\"elementor-section elementor-top-section elementor-element elementor-element-88cb52c elementor-section-boxed elementor-section-height-default elementor-section-height-default\" data-id=\"88cb52c\" data-element_type=\"section\">\n\t\t\t\t\t\t<div class=\"elementor-container elementor-column-gap-default\">\n\t\t\t\t\t\t\t<div class=\"elementor-row\">\n\t\t\t\t\t<div class=\"elementor-column elementor-col-100 elementor-top-column elementor-element elementor-element-b3ad7bb\" data-id=\"b3ad7bb\" data-element_type=\"column\">\n\t\t\t<div class=\"elementor-column-wrap\">\n\t\t\t\t\t\t\t<div class=\"elementor-widget-wrap\">\n\t\t\t\t\t\t\t\t<\/div>\n\t\t\t\t\t<\/div>\n\t\t<\/div>\n\t\t\t\t\t\t\t\t<\/div>\n\t\t\t\t\t<\/div>\n\t\t<\/section>\n\t\t\t\t\t\t<\/div>\n\t\t\t\t\t\t<\/div>\n\t\t\t\t\t<\/div>","protected":false},"excerpt":{"rendered":"<p>about us ProvTrust Insurance Agency is a innovated agency which is dedicated to offering reliable, dependable and efficient client center service, built on utmost integrity. We are passionate to develop solution based strategies in a timely manner for our clients and partners. We have a wide array of insurance carriers to make sure our clients &hellip;<\/p>\n<p class=\"read-more\"> <a class=\"\" href=\"https:\/\/provtrustinsurance.com\/es\/about-us\/\"> <span class=\"screen-reader-text\">about us<\/span> Leer m\u00e1s &raquo;<\/a><\/p>","protected":false},"author":1,"featured_media":0,"parent":0,"menu_order":0,"comment_status":"closed","ping_status":"closed","template":"","meta":[],"_links":{"self":[{"href":"https:\/\/provtrustinsurance.com\/es\/wp-json\/wp\/v2\/pages\/382"}],"collection":[{"href":"https:\/\/provtrustinsurance.com\/es\/wp-json\/wp\/v2\/pages"}],"about":[{"href":"https:\/\/provtrustinsurance.com\/es\/wp-json\/wp\/v2\/types\/page"}],"author":[{"embeddable":true,"href":"https:\/\/provtrustinsurance.com\/es\/wp-json\/wp\/v2\/users\/1"}],"replies":[{"embeddable":true,"href":"https:\/\/provtrustinsurance.com\/es\/wp-json\/wp\/v2\/comments?post=382"}],"version-history":[{"count":36,"href":"https:\/\/provtrustinsurance.com\/es\/wp-json\/wp\/v2\/pages\/382\/revisions"}],"predecessor-version":[{"id":645,"href":"https:\/\/provtrustinsurance.com\/es\/wp-json\/wp\/v2\/pages\/382\/revisions\/645"}],"wp:attachment":[{"href":"https:\/\/provtrustinsurance.com\/es\/wp-json\/wp\/v2\/media?parent=382"}],"curies":[{"name":"wp","href":"https:\/\/api.w.org\/{rel}","templated":true}]}}