{"id":466,"date":"2020-10-06T04:40:12","date_gmt":"2020-10-06T04:40:12","guid":{"rendered":"https:\/\/provtrustinsurance.com\/?page_id=466"},"modified":"2020-10-14T02:02:52","modified_gmt":"2020-10-14T02:02:52","slug":"yudelka","status":"publish","type":"page","link":"https:\/\/provtrustinsurance.com\/es\/yudelka\/","title":{"rendered":"Yudelka"},"content":{"rendered":"<div data-elementor-type=\"wp-page\" data-elementor-id=\"466\" class=\"elementor elementor-466\" data-elementor-settings=\"[]\">\n\t\t\t\t\t\t<div class=\"elementor-inner\">\n\t\t\t\t\t\t\t<div class=\"elementor-section-wrap\">\n\t\t\t\t\t\t\t<section class=\"elementor-section elementor-top-section elementor-element elementor-element-4a4cc2c elementor-section-content-middle elementor-section-boxed elementor-section-height-default elementor-section-height-default\" data-id=\"4a4cc2c\" data-element_type=\"section\" data-settings=\"{&quot;background_background&quot;:&quot;gradient&quot;}\" data-no-translation=\"\">\n\t\t\t\t\t\t\t<div class=\"elementor-background-overlay\"><\/div>\n\t\t\t\t\t\t\t<div class=\"elementor-container elementor-column-gap-no\">\n\t\t\t\t\t\t\t<div class=\"elementor-row\">\n\t\t\t\t\t<div class=\"elementor-column elementor-col-50 elementor-top-column elementor-element elementor-element-3912183\" data-id=\"3912183\" data-element_type=\"column\" data-settings=\"{&quot;background_background&quot;:&quot;classic&quot;}\">\n\t\t\t<div class=\"elementor-column-wrap elementor-element-populated\">\n\t\t\t\t\t<div class=\"elementor-background-overlay\"><\/div>\n\t\t\t\t\t\t\t<div class=\"elementor-widget-wrap\">\n\t\t\t\t\t\t<div class=\"elementor-element elementor-element-f7e8809 elementor-widget elementor-widget-image\" data-id=\"f7e8809\" data-element_type=\"widget\" data-widget_type=\"image.default\">\n\t\t\t\t<div class=\"elementor-widget-container\">\n\t\t\t\t\t\t\t\t<div class=\"elementor-image\">\n\t\t\t\t\t\t\t\t\t\t\t\t<img width=\"1707\" height=\"2560\" src=\"https:\/\/provtrustinsurance.com\/wp-content\/uploads\/2020\/10\/Image-8-25-20-at-2.44-PM7-scaled.jpg\" class=\"attachment-full size-full\" alt=\"\" loading=\"lazy\" srcset=\"https:\/\/provtrustinsurance.com\/wp-content\/uploads\/2020\/10\/Image-8-25-20-at-2.44-PM7-scaled.jpg 1707w, https:\/\/provtrustinsurance.com\/wp-content\/uploads\/2020\/10\/Image-8-25-20-at-2.44-PM7-200x300.jpg 200w, https:\/\/provtrustinsurance.com\/wp-content\/uploads\/2020\/10\/Image-8-25-20-at-2.44-PM7-683x1024.jpg 683w, https:\/\/provtrustinsurance.com\/wp-content\/uploads\/2020\/10\/Image-8-25-20-at-2.44-PM7-768x1152.jpg 768w, https:\/\/provtrustinsurance.com\/wp-content\/uploads\/2020\/10\/Image-8-25-20-at-2.44-PM7-1024x1536.jpg 1024w, https:\/\/provtrustinsurance.com\/wp-content\/uploads\/2020\/10\/Image-8-25-20-at-2.44-PM7-1365x2048.jpg 1365w\" sizes=\"(max-width: 1707px) 100vw, 1707px\" \/>\t\t\t\t\t\t\t\t\t\t\t\t\t\t<\/div>\n\t\t\t\t\t\t<\/div>\n\t\t\t\t<\/div>\n\t\t\t\t\t\t<\/div>\n\t\t\t\t\t<\/div>\n\t\t<\/div>\n\t\t\t\t<div class=\"elementor-column elementor-col-50 elementor-top-column elementor-element elementor-element-a1a68ea\" data-id=\"a1a68ea\" data-element_type=\"column\" data-settings=\"{&quot;background_background&quot;:&quot;classic&quot;}\">\n\t\t\t<div class=\"elementor-column-wrap elementor-element-populated\">\n\t\t\t\t\t\t\t<div class=\"elementor-widget-wrap\">\n\t\t\t\t\t\t<section class=\"elementor-section elementor-inner-section elementor-element elementor-element-1e5cedd elementor-section-boxed elementor-section-height-default elementor-section-height-default\" data-id=\"1e5cedd\" data-element_type=\"section\">\n\t\t\t\t\t\t<div class=\"elementor-container elementor-column-gap-default\">\n\t\t\t\t\t\t\t<div class=\"elementor-row\">\n\t\t\t\t\t<div class=\"elementor-column elementor-col-100 elementor-inner-column elementor-element elementor-element-0cbd87c\" data-id=\"0cbd87c\" data-element_type=\"column\">\n\t\t\t<div class=\"elementor-column-wrap elementor-element-populated\">\n\t\t\t\t\t\t\t<div class=\"elementor-widget-wrap\">\n\t\t\t\t\t\t<div class=\"elementor-element elementor-element-1a9d4b4 elementor-widget elementor-widget-heading\" data-id=\"1a9d4b4\" data-element_type=\"widget\" data-widget_type=\"heading.default\">\n\t\t\t\t<div class=\"elementor-widget-container\">\n\t\t\t<h1 class=\"elementor-heading-title elementor-size-large\">Yudelka Rodriguez<\/h1>\t\t<\/div>\n\t\t\t\t<\/div>\n\t\t\t\t<div class=\"elementor-element elementor-element-ede5193 elementor-widget elementor-widget-text-editor\" data-id=\"ede5193\" data-element_type=\"widget\" data-widget_type=\"text-editor.default\">\n\t\t\t\t<div class=\"elementor-widget-container\">\n\t\t\t\t\t\t\t\t<div class=\"elementor-text-editor elementor-clearfix\">\n\t\t\t\t<p>Tiene m\u00e1s de 15 a\u00f1os de experiencia en la industria de seguros y ha vendido p\u00f3lizas para satisfacer las necesidades individuales de los clientes con \u00e9nfasis en la construcci\u00f3n de relaciones a largo plazo, as\u00ed como en un excelente servicio al cliente. Trabajando como productora de ventas de licencias despu\u00e9s de muchos a\u00f1os, decidi\u00f3 crecer y abrir Provtrust Insurance Agency, que es una agencia independiente que ofrece cobertura con m\u00faltiples compa\u00f1\u00edas para satisfacer mejor las necesidades financieras de los clientes.<\/p><div>\u00a0<\/div>\t\t\t\t\t<\/div>\n\t\t\t\t\t\t<\/div>\n\t\t\t\t<\/div>\n\t\t\t\t<div class=\"elementor-element elementor-element-0f0ec9f elementor-tablet-align-center elementor-mobile-align-center elementor-widget elementor-widget-button\" data-id=\"0f0ec9f\" data-element_type=\"widget\" data-widget_type=\"button.default\">\n\t\t\t\t<div class=\"elementor-widget-container\">\n\t\t\t\t\t<div class=\"elementor-button-wrapper\">\n\t\t\t<a href=\"https:\/\/provtrustinsurance.com\/contact\/\" class=\"elementor-button-link elementor-button elementor-size-sm\" role=\"button\">\n\t\t\t\t\t\t<span class=\"elementor-button-content-wrapper\">\n\t\t\t\t\t\t<span class=\"elementor-button-text\">CONTACTO<\/span>\n\t\t<\/span>\n\t\t\t\t\t<\/a>\n\t\t<\/div>\n\t\t\t\t<\/div>\n\t\t\t\t<\/div>\n\t\t\t\t\t\t<\/div>\n\t\t\t\t\t<\/div>\n\t\t<\/div>\n\t\t\t\t\t\t\t\t<\/div>\n\t\t\t\t\t<\/div>\n\t\t<\/section>\n\t\t\t\t<section class=\"elementor-section elementor-inner-section elementor-element elementor-element-4238090 elementor-section-content-middle elementor-section-boxed elementor-section-height-default elementor-section-height-default\" data-id=\"4238090\" data-element_type=\"section\">\n\t\t\t\t\t\t<div class=\"elementor-container elementor-column-gap-default\">\n\t\t\t\t\t\t\t<div class=\"elementor-row\">\n\t\t\t\t\t<div class=\"elementor-column elementor-col-16 elementor-inner-column elementor-element elementor-element-3b78f82\" data-id=\"3b78f82\" data-element_type=\"column\">\n\t\t\t<div class=\"elementor-column-wrap\">\n\t\t\t\t\t\t\t<div class=\"elementor-widget-wrap\">\n\t\t\t\t\t\t\t\t<\/div>\n\t\t\t\t\t<\/div>\n\t\t<\/div>\n\t\t\t\t<div class=\"elementor-column elementor-col-16 elementor-inner-column elementor-element elementor-element-81cca7c\" data-id=\"81cca7c\" data-element_type=\"column\">\n\t\t\t<div class=\"elementor-column-wrap elementor-element-populated\">\n\t\t\t\t\t\t\t<div class=\"elementor-widget-wrap\">\n\t\t\t\t\t\t<div class=\"elementor-element elementor-element-32dd970 elementor-view-default elementor-vertical-align-top elementor-widget elementor-widget-icon-box\" data-id=\"32dd970\" data-element_type=\"widget\" data-widget_type=\"icon-box.default\">\n\t\t\t\t<div class=\"elementor-widget-container\">\n\t\t\t\t\t<div class=\"elementor-icon-box-wrapper\">\n\t\t\t\t\t\t<div class=\"elementor-icon-box-content\">\n\t\t\t\t<div class=\"elementor-icon-box-title\">\n\t\t\t\t\t<span  >\n\t\t\t\t\t\tPresentado en:\t\t\t\t\t<\/span>\n\t\t\t\t<\/div>\n\t\t\t\t\t\t\t<\/div>\n\t\t<\/div>\n\t\t\t\t<\/div>\n\t\t\t\t<\/div>\n\t\t\t\t\t\t<\/div>\n\t\t\t\t\t<\/div>\n\t\t<\/div>\n\t\t\t\t<div class=\"elementor-column elementor-col-16 elementor-inner-column elementor-element elementor-element-990aebd\" data-id=\"990aebd\" data-element_type=\"column\">\n\t\t\t<div class=\"elementor-column-wrap elementor-element-populated\">\n\t\t\t\t\t\t\t<div class=\"elementor-widget-wrap\">\n\t\t\t\t\t\t<div class=\"elementor-element elementor-element-191e2f7 elementor-widget elementor-widget-image\" data-id=\"191e2f7\" data-element_type=\"widget\" data-widget_type=\"image.default\">\n\t\t\t\t<div class=\"elementor-widget-container\">\n\t\t\t\t\t\t\t\t<div class=\"elementor-image\">\n\t\t\t\t\t\t\t\t\t\t\t\t<img width=\"1024\" height=\"124\" src=\"https:\/\/provtrustinsurance.com\/wp-content\/uploads\/2020\/10\/1200px-Logo_of_the_Progressive_Corporation.svg-1024x124.png\" class=\"attachment-large size-large\" alt=\"\" loading=\"lazy\" srcset=\"https:\/\/provtrustinsurance.com\/wp-content\/uploads\/2020\/10\/1200px-Logo_of_the_Progressive_Corporation.svg-1024x124.png 1024w, https:\/\/provtrustinsurance.com\/wp-content\/uploads\/2020\/10\/1200px-Logo_of_the_Progressive_Corporation.svg-300x36.png 300w, https:\/\/provtrustinsurance.com\/wp-content\/uploads\/2020\/10\/1200px-Logo_of_the_Progressive_Corporation.svg-768x93.png 768w, https:\/\/provtrustinsurance.com\/wp-content\/uploads\/2020\/10\/1200px-Logo_of_the_Progressive_Corporation.svg.png 1200w\" sizes=\"(max-width: 1024px) 100vw, 1024px\" \/>\t\t\t\t\t\t\t\t\t\t\t\t\t\t<\/div>\n\t\t\t\t\t\t<\/div>\n\t\t\t\t<\/div>\n\t\t\t\t\t\t<\/div>\n\t\t\t\t\t<\/div>\n\t\t<\/div>\n\t\t\t\t<div class=\"elementor-column elementor-col-16 elementor-inner-column elementor-element elementor-element-8b08ef2\" data-id=\"8b08ef2\" data-element_type=\"column\">\n\t\t\t<div class=\"elementor-column-wrap elementor-element-populated\">\n\t\t\t\t\t\t\t<div class=\"elementor-widget-wrap\">\n\t\t\t\t\t\t<div class=\"elementor-element elementor-element-add559f elementor-widget elementor-widget-image\" data-id=\"add559f\" data-element_type=\"widget\" data-widget_type=\"image.default\">\n\t\t\t\t<div class=\"elementor-widget-container\">\n\t\t\t\t\t\t\t\t<div class=\"elementor-image\">\n\t\t\t\t\t\t\t\t\t\t\t\t<img width=\"460\" height=\"110\" src=\"https:\/\/provtrustinsurance.com\/wp-content\/uploads\/2020\/10\/RIJRA-ret.png\" class=\"attachment-large size-large\" alt=\"\" loading=\"lazy\" srcset=\"https:\/\/provtrustinsurance.com\/wp-content\/uploads\/2020\/10\/RIJRA-ret.png 460w, https:\/\/provtrustinsurance.com\/wp-content\/uploads\/2020\/10\/RIJRA-ret-300x72.png 300w\" sizes=\"(max-width: 460px) 100vw, 460px\" \/>\t\t\t\t\t\t\t\t\t\t\t\t\t\t<\/div>\n\t\t\t\t\t\t<\/div>\n\t\t\t\t<\/div>\n\t\t\t\t\t\t<\/div>\n\t\t\t\t\t<\/div>\n\t\t<\/div>\n\t\t\t\t<div class=\"elementor-column elementor-col-16 elementor-inner-column elementor-element elementor-element-4462747\" data-id=\"4462747\" data-element_type=\"column\">\n\t\t\t<div class=\"elementor-column-wrap elementor-element-populated\">\n\t\t\t\t\t\t\t<div class=\"elementor-widget-wrap\">\n\t\t\t\t\t\t<div class=\"elementor-element elementor-element-984873e elementor-widget elementor-widget-image\" data-id=\"984873e\" data-element_type=\"widget\" data-widget_type=\"image.default\">\n\t\t\t\t<div class=\"elementor-widget-container\">\n\t\t\t\t\t\t\t\t<div class=\"elementor-image\">\n\t\t\t\t\t\t\t\t\t\t\t\t<img width=\"180\" height=\"41\" src=\"https:\/\/provtrustinsurance.com\/wp-content\/uploads\/2020\/10\/foremost-logo.png\" class=\"attachment-large size-large\" alt=\"\" loading=\"lazy\" \/>\t\t\t\t\t\t\t\t\t\t\t\t\t\t<\/div>\n\t\t\t\t\t\t<\/div>\n\t\t\t\t<\/div>\n\t\t\t\t\t\t<\/div>\n\t\t\t\t\t<\/div>\n\t\t<\/div>\n\t\t\t\t<div class=\"elementor-column elementor-col-16 elementor-inner-column elementor-element elementor-element-8d5d46b\" data-id=\"8d5d46b\" data-element_type=\"column\">\n\t\t\t<div class=\"elementor-column-wrap elementor-element-populated\">\n\t\t\t\t\t\t\t<div class=\"elementor-widget-wrap\">\n\t\t\t\t\t\t<div class=\"elementor-element elementor-element-067a6b1 elementor-widget elementor-widget-image\" data-id=\"067a6b1\" data-element_type=\"widget\" data-widget_type=\"image.default\">\n\t\t\t\t<div class=\"elementor-widget-container\">\n\t\t\t\t\t\t\t\t<div class=\"elementor-image\">\n\t\t\t\t\t\t\t\t\t\t\t\t<img width=\"272\" height=\"76\" src=\"https:\/\/provtrustinsurance.com\/wp-content\/uploads\/2020\/10\/AMIG-Logo_272x76.png\" class=\"attachment-large size-large\" alt=\"\" loading=\"lazy\" \/>\t\t\t\t\t\t\t\t\t\t\t\t\t\t<\/div>\n\t\t\t\t\t\t<\/div>\n\t\t\t\t<\/div>\n\t\t\t\t\t\t<\/div>\n\t\t\t\t\t<\/div>\n\t\t<\/div>\n\t\t\t\t\t\t\t\t<\/div>\n\t\t\t\t\t<\/div>\n\t\t<\/section>\n\t\t\t\t\t\t<\/div>\n\t\t\t\t\t<\/div>\n\t\t<\/div>\n\t\t\t\t\t\t\t\t<\/div>\n\t\t\t\t\t<\/div>\n\t\t<\/section>\n\t\t\t\t\t\t<\/div>\n\t\t\t\t\t\t<\/div>\n\t\t\t\t\t<\/div>","protected":false},"excerpt":{"rendered":"<p>Yudelka Rodriguez Has over 15 years of experience in the insurance industry and has been selling policies to fit individual client needs with an emphasis on long term relationship building as well as excellent customer service. Serving as a license sales producer after many years she decided to grow and open Provtrust Insurance Agency, which &hellip;<\/p>\n<p class=\"read-more\"> <a class=\"\" href=\"https:\/\/provtrustinsurance.com\/es\/yudelka\/\"> <span class=\"screen-reader-text\">Yudelka<\/span> Leer m\u00e1s &raquo;<\/a><\/p>","protected":false},"author":1,"featured_media":0,"parent":0,"menu_order":0,"comment_status":"closed","ping_status":"closed","template":"","meta":[],"_links":{"self":[{"href":"https:\/\/provtrustinsurance.com\/es\/wp-json\/wp\/v2\/pages\/466"}],"collection":[{"href":"https:\/\/provtrustinsurance.com\/es\/wp-json\/wp\/v2\/pages"}],"about":[{"href":"https:\/\/provtrustinsurance.com\/es\/wp-json\/wp\/v2\/types\/page"}],"author":[{"embeddable":true,"href":"https:\/\/provtrustinsurance.com\/es\/wp-json\/wp\/v2\/users\/1"}],"replies":[{"embeddable":true,"href":"https:\/\/provtrustinsurance.com\/es\/wp-json\/wp\/v2\/comments?post=466"}],"version-history":[{"count":12,"href":"https:\/\/provtrustinsurance.com\/es\/wp-json\/wp\/v2\/pages\/466\/revisions"}],"predecessor-version":[{"id":591,"href":"https:\/\/provtrustinsurance.com\/es\/wp-json\/wp\/v2\/pages\/466\/revisions\/591"}],"wp:attachment":[{"href":"https:\/\/provtrustinsurance.com\/es\/wp-json\/wp\/v2\/media?parent=466"}],"curies":[{"name":"wp","href":"https:\/\/api.w.org\/{rel}","templated":true}]}}